{"id":19224,"date":"2024-08-05T13:11:37","date_gmt":"2024-08-05T11:11:37","guid":{"rendered":"https:\/\/skmed.mymon.name\/index.php\/produkt\/davkovac-na-med-plechovy-pre-07l-pohar\/"},"modified":"2024-08-05T13:11:37","modified_gmt":"2024-08-05T11:11:37","slug":"davkovac-na-med-plechovy-pre-07l-pohar","status":"publish","type":"product","link":"https:\/\/skmed.mymon.name\/index.php\/produkt\/davkovac-na-med-plechovy-pre-07l-pohar\/","title":{"rendered":"D\u00e1vkova\u010d na med plechov\u00fd pre 0,7l poh\u00e1r"},"content":{"rendered":"<p><strong>D\u00e1vkova\u010d na med<\/strong> <strong>s plechov\u00fdm vie\u010dkom <\/strong>je p<span class=\"hps\">raktick\u00e1<\/span>\u00a0<span class=\"hps\">pom\u00f4cka<\/span>, <span class=\"hps\">ktor\u00e1 <\/span><span class=\"hps\">pom\u00f4\u017ee<\/span> <span class=\"hps\">pri<\/span> <span class=\"hps\">d\u00e1vkovan\u00ed<\/span> <span class=\"hps\">medu<\/span>. <span class=\"hps\">V\u010faka<\/span> <span class=\"hps\">nej u\u017e <\/span><span class=\"hps\">nikde<\/span> <span class=\"hps\">nebude<\/span> <span class=\"hps\">tiec\u0165<\/span> <span class=\"hps\">med<\/span>, <span class=\"hps\">tak\u017ee bude mo\u017en\u00e9<\/span> <span class=\"hps\">odobera\u0165<\/span> <span class=\"hps\">med<\/span> <span class=\"hps\">z poh\u00e1ra<\/span> <span class=\"hps\">bez<\/span> <span class=\"hps\">jedin\u00e9ho<\/span> <span class=\"hps\">ukvapnutia<\/span>. <span class=\"hps\">Trubica<\/span> <span class=\"hps\">sa<\/span> <span class=\"hps\">d\u00e1<\/span> <span class=\"hps\">upravi\u0165 pod\u013ea v\u00fd\u0161ky<\/span> <span class=\"hps\">poh\u00e1ra<\/span>. <span class=\"hps\">Dod\u00e1va<\/span> <span class=\"hps\">sa<\/span> <span class=\"hps\">s<\/span> kovov\u00fdm<span class=\"hps\"> vie\u010dkom<\/span> s priemerom 82 mm, <span class=\"hps\">ktor\u00e9 mo\u017eno<\/span> <span class=\"hps\">naskrutkova\u0165<\/span> <span class=\"hps\">na<\/span> <span class=\"hps\">poh\u00e1re twist s objemom 0,7l.<\/span><\/p>\n<p>Balenie obsahuje:\u00a0<\/p>\n<ul>\n<li>1x plastov\u00e1 pumpi\u010dka<\/li>\n<li>1x trubi\u010dka na nastavenie d\u013a\u017eky pumpi\u010dky<\/li>\n<li>1x vie\u010dko \u00a0na 0,7l poh\u00e1r twist &#8211; off<\/li>\n<\/ul>\n<p>Uveden\u00e1 cena za 1 balenie.<\/p>\n<p>Vzor vie\u010dka sa m\u00f4\u017ee l\u00ed\u0161i\u0165 od fotky pri produkte, pod\u013ea toho ak\u00fd vzor pou\u017e\u00edva aktu\u00e1lne v\u00fdrobca a ak\u00fd n\u00e1m dodal.<\/p>\n<p>Hmotnos\u0165 produktu pre v\u00fdpo\u010det ceny dopravy ( vr\u00e1tane baliaceho materi\u00e1lu a pod.) v kg : 0.1000<\/p>\n","protected":false},"excerpt":{"rendered":"<p>D\u00e1vkova\u010d na med s plechov\u00fdm vie\u010dkom je praktick\u00e1\u00a0pom\u00f4cka, ktor\u00e1 pom\u00f4\u017ee pri d\u00e1vkovan\u00ed medu. V\u010faka nej u\u017e nikde nebude tiec\u0165 med, tak\u017ee bude mo\u017en\u00e9 odobera\u0165 med z poh\u00e1ra bez jedin\u00e9ho ukvapnutia. Trubica sa d\u00e1 upravi\u0165 pod\u013ea v\u00fd\u0161ky poh\u00e1ra. Dod\u00e1va sa s kovov\u00fdm vie\u010dkom s priemerom 82 mm, ktor\u00e9 mo\u017eno naskrutkova\u0165 na poh\u00e1re twist s objemom 0,7l. [&hellip;]<\/p>\n","protected":false},"featured_media":19223,"comment_status":"open","ping_status":"closed","template":"","meta":[],"product_cat":[39],"product_tag":[],"class_list":{"0":"post-19224","1":"product","2":"type-product","3":"status-publish","4":"has-post-thumbnail","6":"product_cat-doplnky","8":"first","9":"instock","10":"shipping-taxable","11":"purchasable","12":"product-type-simple","13":"add-to-wishlist-after_add_to_cart"},"_links":{"self":[{"href":"https:\/\/skmed.mymon.name\/index.php\/wp-json\/wp\/v2\/product\/19224","targetHints":{"allow":["GET"]}}],"collection":[{"href":"https:\/\/skmed.mymon.name\/index.php\/wp-json\/wp\/v2\/product"}],"about":[{"href":"https:\/\/skmed.mymon.name\/index.php\/wp-json\/wp\/v2\/types\/product"}],"replies":[{"embeddable":true,"href":"https:\/\/skmed.mymon.name\/index.php\/wp-json\/wp\/v2\/comments?post=19224"}],"wp:featuredmedia":[{"embeddable":true,"href":"https:\/\/skmed.mymon.name\/index.php\/wp-json\/wp\/v2\/media\/19223"}],"wp:attachment":[{"href":"https:\/\/skmed.mymon.name\/index.php\/wp-json\/wp\/v2\/media?parent=19224"}],"wp:term":[{"taxonomy":"product_cat","embeddable":true,"href":"https:\/\/skmed.mymon.name\/index.php\/wp-json\/wp\/v2\/product_cat?post=19224"},{"taxonomy":"product_tag","embeddable":true,"href":"https:\/\/skmed.mymon.name\/index.php\/wp-json\/wp\/v2\/product_tag?post=19224"}],"curies":[{"name":"wp","href":"https:\/\/api.w.org\/{rel}","templated":true}]}}