{"id":19235,"date":"2024-08-05T13:11:46","date_gmt":"2024-08-05T11:11:46","guid":{"rendered":"https:\/\/skmed.mymon.name\/index.php\/produkt\/palicka-na-med-plastova-cervena\/"},"modified":"2024-08-05T13:11:46","modified_gmt":"2024-08-05T11:11:46","slug":"palicka-na-med-plastova-cervena","status":"publish","type":"product","link":"https:\/\/skmed.mymon.name\/index.php\/produkt\/palicka-na-med-plastova-cervena\/","title":{"rendered":"Pali\u010dka na med plastov\u00e1 &#8211; \u010derven\u00e1"},"content":{"rendered":"<p><strong><strong><strong>Plastov\u00e1 <\/strong><\/strong>pali\u010dka <\/strong>je ur\u010den\u00e1 na naberanie medu napr\u00edklad do k\u00e1vy, \u0161\u00e1lky \u010daju alebo na chlieb, na opl\u00e1tky pri ochutn\u00e1vkach medu a pod. Ve\u013emi praktick\u00e1 pom\u00f4cka.<\/p>\n<p>D\u013a\u017eka pribli\u017ene 14,5 cm.<\/p>\n<p>Uveden\u00e1 cena za 1 kus.<\/p>\n<p>Hmotnos\u0165 produktu pre v\u00fdpo\u010det ceny dopravy ( vr\u00e1tane baliaceho materi\u00e1lu a pod.) v kg : 0.0500<\/p>\n","protected":false},"excerpt":{"rendered":"<p>Plastov\u00e1 pali\u010dka je ur\u010den\u00e1 na naberanie medu napr\u00edklad do k\u00e1vy, \u0161\u00e1lky \u010daju alebo na chlieb, na opl\u00e1tky pri ochutn\u00e1vkach medu a pod. Ve\u013emi praktick\u00e1 pom\u00f4cka. D\u013a\u017eka pribli\u017ene 14,5 cm. Uveden\u00e1 cena za 1 kus. Hmotnos\u0165 produktu pre v\u00fdpo\u010det ceny dopravy ( vr\u00e1tane baliaceho materi\u00e1lu a pod.) v kg : 0.0500<\/p>\n","protected":false},"featured_media":19234,"comment_status":"open","ping_status":"closed","template":"","meta":[],"product_cat":[39],"product_tag":[],"class_list":{"0":"post-19235","1":"product","2":"type-product","3":"status-publish","4":"has-post-thumbnail","6":"product_cat-doplnky","8":"first","9":"instock","10":"shipping-taxable","11":"purchasable","12":"product-type-simple","13":"add-to-wishlist-after_add_to_cart"},"_links":{"self":[{"href":"https:\/\/skmed.mymon.name\/index.php\/wp-json\/wp\/v2\/product\/19235","targetHints":{"allow":["GET"]}}],"collection":[{"href":"https:\/\/skmed.mymon.name\/index.php\/wp-json\/wp\/v2\/product"}],"about":[{"href":"https:\/\/skmed.mymon.name\/index.php\/wp-json\/wp\/v2\/types\/product"}],"replies":[{"embeddable":true,"href":"https:\/\/skmed.mymon.name\/index.php\/wp-json\/wp\/v2\/comments?post=19235"}],"wp:featuredmedia":[{"embeddable":true,"href":"https:\/\/skmed.mymon.name\/index.php\/wp-json\/wp\/v2\/media\/19234"}],"wp:attachment":[{"href":"https:\/\/skmed.mymon.name\/index.php\/wp-json\/wp\/v2\/media?parent=19235"}],"wp:term":[{"taxonomy":"product_cat","embeddable":true,"href":"https:\/\/skmed.mymon.name\/index.php\/wp-json\/wp\/v2\/product_cat?post=19235"},{"taxonomy":"product_tag","embeddable":true,"href":"https:\/\/skmed.mymon.name\/index.php\/wp-json\/wp\/v2\/product_tag?post=19235"}],"curies":[{"name":"wp","href":"https:\/\/api.w.org\/{rel}","templated":true}]}}