{"id":20668,"date":"2024-08-05T23:02:28","date_gmt":"2024-08-05T21:02:28","guid":{"rendered":"https:\/\/skmed.mymon.name\/index.php\/produkt\/pastovany-jarny-kvetovy-zmiesany-vceli-med-950g\/"},"modified":"2024-08-05T23:02:28","modified_gmt":"2024-08-05T21:02:28","slug":"pastovany-jarny-kvetovy-zmiesany-vceli-med-950g","status":"publish","type":"product","link":"https:\/\/skmed.mymon.name\/index.php\/produkt\/pastovany-jarny-kvetovy-zmiesany-vceli-med-950g\/","title":{"rendered":"Pastovan\u00fd &#8211; Jarn\u00fd &#8211; Kvetov\u00fd zmie\u0161an\u00fd v\u010del\u00ed med 950g"},"content":{"rendered":"<p style=\"text-align: justify;\"><span style=\"color: #000000;\">Slovensk\u00fd\u00a0Pastovan\u00fd &#8211; Jarn\u00fd &#8211; Kvetov\u00fd zmie\u0161an\u00fd v\u010del\u00ed med 950g je kvalitn\u00fd med priamo od v\u010del\u00e1ra, bez ak\u00fdchko\u013evek pr\u00edsad, <span style=\"color: #000000;\">konzervantov<\/span>, farb\u00edv a pod., pred\u00e1vame iba \u010disto pr\u00edrodn\u00fd v\u010del\u00ed med bez akejko\u013evek \u00fapravy, to znamen\u00e1 \u017ee, od n\u00e1s dostanete med priamo z \u00fa\u013ea.<br \/><\/span><br \/><span style=\"color: #000000;\"><span style=\"color: #000000;\"><span style=\"color: #000000;\">Viac inform\u00e1ci\u00ed o pastovanom v\u010de\u013eom mede n\u00e1jdete na tomto linku tu<\/span>\u00a0<\/span><\/span><a href=\"pastovany-med\" target=\"_blank\" title=\"Pastovan\u00fd med\" rel=\"noopener\">PASTOVAN\u00dd MED<\/a><\/p>\n<p><span style=\"color: #000000;\">Slovensk\u00fd\u00a0<span style=\"color: #000000;\">Pastovan\u00fd <\/span>&#8211; J<span style=\"color: #000000;\">arn\u00fd &#8211; Kvetov\u00fd zmie\u0161an\u00fd<\/span> v\u010del\u00ed med <\/span><span style=\"color: #000000;\">poch\u00e1dza z vlastnej produkcie z \u010dist\u00e9ho prostredia na\u0161ich v\u010deln\u00edc ktor\u00e9 sa nach\u00e1dzaj\u00fa na juhu stredn\u00e9ho Slovenska v katastri obci Dolinka, viac inform\u00e1ci\u00ed o na\u0161ich v\u010delniciach n\u00e1jdete na tejto str\u00e1nke tu<\/span> <a href=\"nase-vcelnice\" target=\"_blank\" title=\"Na\u0161e v\u010delnice\" rel=\"noopener\">NA\u0160E V\u010cELNICE<\/a>.<\/p>\n<p style=\"text-align: justify;\"><span style=\"color: #000000;\"><span style=\"color: #000000;\"><span style=\"color: #000000;\"><span style=\"color: #000000;\"><span style=\"color: #000000;\"><span style=\"color: #000000;\"><span style=\"color: #000000;\">Trad\u00edcia v\u010del\u00e1renia je v na\u0161ej rodine zachovan\u00e1 u\u017e od roku 1944,<\/span><\/span><\/span><\/span><\/span><\/span> \u010do pre spotrebite\u013ea zaru\u010duje najvy\u0161\u0161iu kvalitu medu ak\u00fa m\u00f4\u017ee dosta\u0165.<\/span><\/p>\n<p style=\"text-align: justify;\"><span style=\"color: #000000;\">Pon\u00fakan\u00fd Slovensk\u00fd med je balen\u00fd v sklenenom poh\u00e1ri objemu 720 mililitrov, \u010dist\u00e1 v\u00e1ha medu v poh\u00e1ri je 950 gramov.<\/span><\/p>\n<p style=\"text-align: justify;\"><span style=\"color: #000000;\"><strong>Med m\u00e1 platn\u00e9 osved\u010denie (povolenie) na pou\u017e\u00edvanie ochrannej zn\u00e1mky Slovensk\u00fd med ktor\u00fa vlastn\u00ed SZV (Slovensk\u00fd zv\u00e4z v\u010del\u00e1rov) &#8211; vi\u010f. foto.<\/strong><\/span><\/p>\n<p style=\"text-align: justify;\">\u00a0<\/p>\n<p style=\"text-align: justify;\"><span style=\"color: #000000;\"><span style=\"color: #000000;\"><strong>Zlo\u017eenie<\/strong>: v\u010del\u00ed med z nekt\u00e1ra kvetov<\/span><\/span><\/p>\n<p style=\"text-align: justify;\"><span style=\"color: #000000;\"><span style=\"color: #000000;\">Skladova\u0165 pri teplote od 10<span class=\"st\">\u00b0C do 25<span class=\"st\">\u00b0C a chr\u00e1ni\u0165 pred priamym slne\u010dn\u00fdm svetlom<\/span><\/span><\/span><\/span><\/p>\n<p style=\"text-align: justify;\"><span style=\"color: #000000;\"><span style=\"color: #000000;\"><span class=\"st\"><span class=\"st\"><strong>Objem obsahu <\/strong>720 ml, <strong>Hmotnos\u0165 obsahu<\/strong> 950 g<\/span><\/span><\/span><\/span><\/p>\n<p style=\"text-align: justify;\"><span style=\"color: #000000;\"><span style=\"color: #000000;\"><span class=\"st\"><span class=\"st\"><strong>V\u00fdrobca:<\/strong> Peter Pi\u0161\u00e1k, Bo\u017eeny N\u011bmcovej 51, 990 01 Ve\u013ek\u00fd Krt\u00ed\u0161, Slovensk\u00e1 republika<\/span><\/span><\/span><\/span><\/p>\n<p style=\"text-align: justify;\"><span style=\"color: #000000;\"><span style=\"color: #000000;\"><span class=\"st\"><span class=\"st\"><strong>Priemern\u00e9 v\u00fd\u017eivov\u00e9 \u00fadaje na 100g v\u00fdrobku:<\/strong> energia 1394 kJ\/333 kcal, tuky&lt;0,1g, z toho nas\u00fdten\u00e9 mastn\u00e9 kyseliny 0,01g, sacharidy 81,7g, z toho cukry 80,1g, bielkoviny 0,3g, so\u013e 0,01g.<\/span><\/span><\/span><\/span><\/p>\n<p style=\"text-align: justify;\"><span style=\"color: #000000;\"><span style=\"color: #000000;\"><span class=\"st\"><span class=\"st\"><strong>Krajina p\u00f4vodu:<\/strong> Slovensk\u00e1 republika<\/span><\/span><\/span><\/span><\/p>\n<p style=\"text-align: justify;\">\u00a0<\/p>\n<p style=\"text-align: justify;\"><span style=\"color: #000000;\"><span style=\"color: #000000;\"><span class=\"st\"><span class=\"st\"><span style=\"text-decoration: underline; background-color: #ffffff; color: #0000ff;\"><strong><span class=\"st\"><span class=\"st\">Obsah vody do 18 %<\/span><\/span><\/strong><\/span><\/span><\/span><\/span><\/span><\/p>\n<p style=\"text-align: justify;\">\u00a0<\/p>\n<p style=\"text-align: justify;\"><span style=\"color: #000000;\"><span style=\"color: #000000;\">Jednotkov\u00e1 cena: 1 kg = 7,88 \u20ac<\/span><\/span><\/p>\n<p style=\"text-align: justify;\"><span style=\"color: #000000;\"><span style=\"color: #000000;\">Hmotnos\u0165 produktu pre v\u00fdpo\u010det ceny dopravy ( vr\u00e1tane baliaceho materi\u00e1lu a pod.) v kg: 1.5000<\/span><\/span><\/p>\n<p style=\"text-align: center;\"><span style=\"color: #000000;\"><span style=\"color: #000000;\"> <a href=\"potvrdenie-o-registracii-na-rvps-vk\" target=\"_blank\" title=\"Potvrdenie o registr\u00e1cii na Region\u00e1lnej veterin\u00e1rnej a potravinovej spr\u00e1vy vo Ve\u013ekom Krt\u00ed\u0161i\" rel=\"noopener\"><span style=\"color: #000000; font-size: small;\"><strong><span style=\"color: #0000ff;\">Potvrdenie o registr\u00e1cii na Region\u00e1lnej veterin\u00e1rnej a potravinovej spr\u00e1ve vo Ve\u013ekom Krt\u00ed\u0161i na predaj medu kone\u010dn\u00e9mu spotrebite\u013eovi n\u00e1jdete na tejto str\u00e1nke tu<\/span><\/strong><\/span><\/a><\/span><\/span><\/p>\n<p style=\"text-align: center;\"><span style=\"color: #000000;\"><span style=\"color: #000000;\"><span style=\"color: #000000; font-size: small;\"><strong><span style=\"color: #0000ff;\"><span style=\"color: #000000; font-size: small;\"><strong><span style=\"color: #0000ff;\"><span style=\"color: #0000ff;\"><strong><span style=\"color: #ff9900;\">Aktu\u00e1lne platn\u00e9 osved\u010denie pre ochrann\u00fa zn\u00e1mku Slovensk\u00fd med pre v\u010del\u00e1ra Petra Pi\u0161\u00e1ka si m\u00f4\u017eete pozrie\u0165 na tomto linku tu<\/span> <a href=\"osvedcenie-ochrannej-znamky-slovensky-med\" target=\"_blank\" title=\"Osved\u010denie o akosti medu\" rel=\"noopener\">Osved\u010denie o akosti medu<\/a><\/strong><\/span><\/span><\/strong><\/span><\/span><\/strong><\/span><\/span><\/span><\/p>\n","protected":false},"excerpt":{"rendered":"<p>Slovensk\u00fd\u00a0Pastovan\u00fd &#8211; Jarn\u00fd &#8211; Kvetov\u00fd zmie\u0161an\u00fd v\u010del\u00ed med 950g je kvalitn\u00fd med priamo od v\u010del\u00e1ra, bez ak\u00fdchko\u013evek pr\u00edsad, konzervantov, farb\u00edv a pod., pred\u00e1vame iba \u010disto pr\u00edrodn\u00fd v\u010del\u00ed med bez akejko\u013evek \u00fapravy, to znamen\u00e1 \u017ee, od n\u00e1s dostanete med priamo z \u00fa\u013ea.Viac inform\u00e1ci\u00ed o pastovanom v\u010de\u013eom mede n\u00e1jdete na tomto linku tu\u00a0PASTOVAN\u00dd MED Slovensk\u00fd\u00a0Pastovan\u00fd &#8211; Jarn\u00fd [&hellip;]<\/p>\n","protected":false},"featured_media":20640,"comment_status":"open","ping_status":"closed","template":"","meta":[],"product_cat":[18,16],"product_tag":[],"class_list":{"0":"post-20668","1":"product","2":"type-product","3":"status-publish","4":"has-post-thumbnail","6":"product_cat-pastovany-jarny-kvetovy-zmiesany-vceli-med","7":"product_cat-vceli-med","9":"first","10":"outofstock","11":"shipping-taxable","12":"purchasable","13":"product-type-simple","14":"add-to-wishlist-after_add_to_cart"},"_links":{"self":[{"href":"https:\/\/skmed.mymon.name\/index.php\/wp-json\/wp\/v2\/product\/20668","targetHints":{"allow":["GET"]}}],"collection":[{"href":"https:\/\/skmed.mymon.name\/index.php\/wp-json\/wp\/v2\/product"}],"about":[{"href":"https:\/\/skmed.mymon.name\/index.php\/wp-json\/wp\/v2\/types\/product"}],"replies":[{"embeddable":true,"href":"https:\/\/skmed.mymon.name\/index.php\/wp-json\/wp\/v2\/comments?post=20668"}],"wp:featuredmedia":[{"embeddable":true,"href":"https:\/\/skmed.mymon.name\/index.php\/wp-json\/wp\/v2\/media\/20640"}],"wp:attachment":[{"href":"https:\/\/skmed.mymon.name\/index.php\/wp-json\/wp\/v2\/media?parent=20668"}],"wp:term":[{"taxonomy":"product_cat","embeddable":true,"href":"https:\/\/skmed.mymon.name\/index.php\/wp-json\/wp\/v2\/product_cat?post=20668"},{"taxonomy":"product_tag","embeddable":true,"href":"https:\/\/skmed.mymon.name\/index.php\/wp-json\/wp\/v2\/product_tag?post=20668"}],"curies":[{"name":"wp","href":"https:\/\/api.w.org\/{rel}","templated":true}]}}